{"id":2253,"date":"2020-11-11T16:30:06","date_gmt":"2020-11-11T15:30:06","guid":{"rendered":"http:\/\/centre-danse.fr\/?page_id=2253"},"modified":"2022-11-10T12:19:00","modified_gmt":"2022-11-10T11:19:00","slug":"mentions-legales","status":"publish","type":"page","link":"http:\/\/centre-danse.fr\/?page_id=2253","title":{"rendered":"Mentions l\u00e9gales"},"content":{"rendered":"\t\t<div data-elementor-type=\"wp-page\" data-elementor-id=\"2253\" class=\"elementor elementor-2253\">\n\t\t\t\t\t\t<section class=\"elementor-section elementor-top-section elementor-element elementor-element-680a17f elementor-section-boxed elementor-section-height-default elementor-section-height-default\" data-id=\"680a17f\" data-element_type=\"section\">\n\t\t\t\t\t\t<div class=\"elementor-container elementor-column-gap-default\">\n\t\t\t\t\t<div class=\"elementor-column elementor-col-100 elementor-top-column elementor-element elementor-element-9c22c57\" data-id=\"9c22c57\" data-element_type=\"column\">\n\t\t\t<div class=\"elementor-widget-wrap elementor-element-populated\">\n\t\t\t\t\t\t<div class=\"elementor-element elementor-element-8a51e8f elementor-widget elementor-widget-heading\" data-id=\"8a51e8f\" data-element_type=\"widget\" data-widget_type=\"heading.default\">\n\t\t\t\t<div class=\"elementor-widget-container\">\n\t\t\t\t\t<h2 class=\"elementor-heading-title elementor-size-default\">Conditions g\u00e9n\u00e9rales d'utilisation<\/h2>\t\t\t\t<\/div>\n\t\t\t\t<\/div>\n\t\t\t\t\t<\/div>\n\t\t<\/div>\n\t\t\t\t\t<\/div>\n\t\t<\/section>\n\t\t\t\t<section class=\"elementor-section elementor-top-section elementor-element elementor-element-c9c8bfb elementor-section-boxed elementor-section-height-default elementor-section-height-default\" data-id=\"c9c8bfb\" data-element_type=\"section\">\n\t\t\t\t\t\t<div class=\"elementor-container elementor-column-gap-default\">\n\t\t\t\t\t<div class=\"elementor-column elementor-col-100 elementor-top-column elementor-element elementor-element-fcbf177\" data-id=\"fcbf177\" data-element_type=\"column\">\n\t\t\t<div class=\"elementor-widget-wrap elementor-element-populated\">\n\t\t\t\t\t\t<div class=\"elementor-element elementor-element-a88eb93 elementor-widget elementor-widget-text-editor\" data-id=\"a88eb93\" data-element_type=\"widget\" data-widget_type=\"text-editor.default\">\n\t\t\t\t<div class=\"elementor-widget-container\">\n\t\t\t\t\t\t\t\t\t<p>Le pr\u00e9sent site internet, accessible \u00e0 l\u2019adresse URL www.centre-danse.fr, est la propri\u00e9t\u00e9 de l\u2019association <b>CENTRE DANSE<\/b> dont le si\u00e8ge social est situ\u00e9 Centre Pierre Cardinal \u2013 9 Rue Jules Vall\u00e8s 43000 LE PUY EN VELAY, immatricul\u00e9e sous le num\u00e9ro 328 376 348.<\/p>\n<p>T\u00e9l\u00e9phone : 07 71 62 81 48<\/p>\n<p>Le pr\u00e9sent site internet est \u00e9dit\u00e9 par l\u2019association <strong>CENTRE DANSE<\/strong>.<\/p>\n<p>Le Directeur de Publication est Amandine MASUT, en qualit\u00e9 de Pr\u00e9sidente de l\u2019association.<\/p>\n<p>Le pr\u00e9sent site internet est h\u00e9berg\u00e9 par la soci\u00e9t\u00e9 OVH<\/p>\n<p>Adresse : 2 rue Kellermann &#8211; 59100 Roubaix &#8211; France<\/p>\n<p>N\u00b0 SIRET : 424 761 419 00045<\/p>\n<p>Num\u00e9ro de TVA : FR 22 424 761 419<\/p>\n<p><strong>DROIT D\u2019AUTEUR \u2013 REPRODUCTIONS \u2013 CONTENUS \u2013 LIENS \u2013 R\u00c9SEAUX SOCIAUX<\/strong><br>La structure g\u00e9n\u00e9rale du site, les textes, les articles, les images ou \u00e9l\u00e9ments graphiques, les donn\u00e9es, et tout autre \u00e9l\u00e9ment composant le site web, constituent des \u0153uvres prot\u00e9g\u00e9es et sont la propri\u00e9t\u00e9 exclusive de l\u2019association <strong>CENTRE DANSE<\/strong>. Sauf autorisation expresse, ils ne peuvent en aucun cas \u00eatre reproduits, modifi\u00e9s, pr\u00e9sent\u00e9s ou utilis\u00e9s \u00e0 des fins d\u2019int\u00e9r\u00eat public ou commercial. Tout contrevenant serait susceptible d\u2019\u00eatre poursuivi pour contrefa\u00e7on en application des dispositions des articles L. 335-2 et suivants du Code de la Propri\u00e9t\u00e9 Intellectuelle.&nbsp;<\/p>\n<p>Les informations contenues dans le site sont fournies \u00e0 titre d\u2019information g\u00e9n\u00e9rale \u00e0 titre indicatif sans aucune garantie de validit\u00e9, d\u2019exhaustivit\u00e9 ou d\u2019actualit\u00e9.&nbsp;<\/p>\n<p>L\u2019association <strong>CENTRE DANSE<\/strong> met tout en \u0153uvre pour offrir aux utilisateurs du site des informations disponibles et v\u00e9rifi\u00e9es, mais elle ne saurait \u00eatre tenue pour responsable des erreurs, d\u2019une absence de disponibilit\u00e9 des informations et\/ou de la pr\u00e9sence de virus sur son site internet. Tous documents accessibles \u00e0 partir des liens hypertextes sur le site ou dans les documents t\u00e9l\u00e9chargeables ne le sont que pour usage priv\u00e9, personnel et non transmissible.&nbsp;<\/p>\n<p>L\u2019association <strong>CENTRE DANSE<\/strong> autorise l\u2019utilisateur \u00e0 t\u00e9l\u00e9charger sur le disque dur de son ordinateur les informations ou autres documents mis \u00e0 sa disposition sur le site et qui sont la propri\u00e9t\u00e9 de l\u2019association CENTRE DANSE. Sauf disposition contraire, l\u2019utilisateur ne sera autoris\u00e9 qu\u2019\u00e0 d\u00e9tenir une copie de ces documents, pour un usage strictement priv\u00e9.&nbsp;<\/p>\n<p>L\u2019association <b>CENTRE DANSE<\/b> ne fournit aucune garantie quant \u00e0 la disponibilit\u00e9 ou l\u2019accessibilit\u00e9 du Site. Toute consultation de site internet de tiers ou de tout document accessible \u00e0 partir de liens hypertextes est effectu\u00e9e sous la seule responsabilit\u00e9 de l\u2019utilisateur et ne saurait en aucun cas engager la responsabilit\u00e9 de l\u2019association <b>CENTRE DANSE<\/b>.<\/p>\n<p><b>PROTECTION DES DONN\u00c9ES PERSONNELLES<\/b><\/p>\n<p>Les donn\u00e9es personnelles de l\u2019internaute sont susceptibles d\u2019\u00eatre collect\u00e9es, notamment via la fiche contact. Les informations ainsi recueillies font l\u2019objet d\u2019un traitement informatique n\u00e9cessaire \u00e0 la r\u00e9ponse \u00e0 donner \u00e0 la personne.&nbsp;<\/p>\n<p><b>CENTRE DANSE<\/b> prend en compte les principes de minimisation des donn\u00e9es. Ainsi, elle collecte et traite uniquement les donn\u00e9es \u00e0 caract\u00e8re personnel strictement n\u00e9cessaires au regard des finalit\u00e9s pour lesquelles elles sont trait\u00e9es.&nbsp;<\/p>\n<p>Le destinataire des donn\u00e9es est exclusivement l\u2019association<b> CENTRE DANSE<\/b>.&nbsp;<\/p>\n<p>La dur\u00e9e de conservation des donn\u00e9es est limit\u00e9e \u00e0 la dur\u00e9e n\u00e9cessaire aux op\u00e9rations pour lesquelles elles ont \u00e9t\u00e9 collect\u00e9es augment\u00e9es de cinq (5) ans.&nbsp;<\/p>\n<p>Conform\u00e9ment \u00e0 la r\u00e9glementation sur les donn\u00e9es \u00e0 caract\u00e8re personnel, l\u2019utilisateur b\u00e9n\u00e9ficie, sur les informations qui le concernent, d\u2019un droit d\u2019acc\u00e8s, de rectification, d\u2019effacement, de limitation du traitement, d\u2019un droit \u00e0 la portabilit\u00e9, d\u2019un droit d\u2019opposition et d\u2019un droit de d\u00e9finir le sort de ses donn\u00e9es \u00e0 caract\u00e8re personnel apr\u00e8s son d\u00e9c\u00e8s, qu\u2019il peut exercer en s\u2019adressant au responsable du traitement :<\/p>\n<p>L\u2019association CENTRE DANSE, Amandine MASUT, Centre Pierre Cardinal \u2013 9 Rue Jules&nbsp;<span style=\"color: var( --e-global-color-text ); font-family: var( --e-global-typography-text-font-family ), Sans-serif; font-weight: var( --e-global-typography-text-font-weight );\">Vall\u00e8s 43000 LE PUY EN VELAY, 07-71-62-81-48, contact@centre-danse.fr<\/span><\/p>\n<p>L\u2019association pourra demander \u00e0 l\u2019utilisateur de justifier de son identit\u00e9 en accompagnant sa demande d\u2019une copie de sa pi\u00e8ce d\u2019identit\u00e9 en cours de validit\u00e9.&nbsp;<\/p>\n<p>Une r\u00e9ponse lui sera adress\u00e9e dans un d\u00e9lai d\u2019un (1) mois maximum suivant la date de r\u00e9ception de sa demande. Au besoin, ce d\u00e9lai pourra \u00eatre prolong\u00e9 de deux (2) mois par l\u2019association qui en informera l\u2019utilisateur eu \u00e9gard \u00e0 la complexit\u00e9 et\/ou au nombre de demandes.&nbsp;<\/p>\n<p>L\u2019utilisateur dispose de la facult\u00e9 de retirer \u00e0 tout moment son consentement sur le traitement de ses donn\u00e9es.&nbsp;<\/p>\n<p>L\u2019exigence de fourniture des donn\u00e9es a un caract\u00e8re purement contractuel et conditionne la r\u00e9alisation de la r\u00e9ponse par l\u2019association. L\u2019utilisateur peut s\u2019opposer, sans frais et sans justification, aux traitements des donn\u00e9es qui le concernent. Cette opposition, comme le d\u00e9faut de renseignement d\u2019une information obligatoire (marqu\u00e9e d\u2019un signe * dans le formulaire de collecte), entra\u00eenera le cas \u00e9ch\u00e9ant une impossibilit\u00e9 de traiter les demandes de l\u2019utilisateur.&nbsp;<\/p>\n<p>Les donn\u00e9es ne font pas l\u2019objet de prise de d\u00e9cision automatis\u00e9e et notamment de profilage.&nbsp;<\/p>\n<p>En cas de r\u00e9clamation concernant le traitement de vos donn\u00e9es, vous pouvez vous adresser \u00e0 la CNIL ou \u00e0 toute autre autorit\u00e9 de contr\u00f4le comp\u00e9tente.<\/p>\n<p><b>UTILISATION DES COOKIES<\/b><br>Le site centre-danse.fr utilise des cookies pour am\u00e9liorer les services propos\u00e9s.&nbsp;<\/p>\n<p>Les cookies sont utilis\u00e9s pour optimiser les fonctions des sites internet. Un \u00ab cookie \u00bb est un fichier enregistr\u00e9 sur le disque dur de l\u2019ordinateur ou t\u00e9l\u00e9phone portable (\u00e9quipement terminal) de l\u2019internaute lorsqu\u2019il acc\u00e8de \u00e0 un site Internet. Le cookie permet au serveur d\u2019obtenir des informations sur l\u2019utilisation du site par l\u2019internaute, que ce soit pour la dur\u00e9e de sa visite (avec un \u2018cookie de session\u2019) ou pour des visites r\u00e9p\u00e9t\u00e9es (gr\u00e2ce un \u2018cookie persistant\u2019).&nbsp;<\/p>\n<p><b>CENTRE DANSE<\/b> utilise certains cookies afin d\u2019am\u00e9liorer son service, l\u2019ergonomie de son site ainsi que pour compiler des donn\u00e9es statistiques anonymes \u00e0 propos de l\u2019utilisation du site.<\/p>\n<p>Ces cookies ne contiennent pas d\u2019informations qui, par elles-m\u00eames, identifient personnellement l\u2019utilisateur, et ne donnent pas acc\u00e8s au reste de son syst\u00e8me.&nbsp;<\/p>\n<p>La dur\u00e9e de conservation de ces cookies dans le terminal de l\u2019utilisateur n\u2019exc\u00e8de pas treize (13) mois.&nbsp;<\/p>\n<p>Si l\u2019utilisateur souhaite s\u2019opposer \u00e0 l\u2019utilisation de ces cookies, son navigateur internet peut \u00eatre reconfigur\u00e9 en vue de l\u2019avertir de leur utilisation ou de lui permettre d\u2019en refuser l\u2019installation. Les cookies d\u00e9j\u00e0 stock\u00e9s sur son syst\u00e8me peuvent \u00e9galement \u00eatre effac\u00e9s.&nbsp;<\/p>\n<p>Pour savoir comment proc\u00e9der, il doit utiliser les param\u00e8tres ou pr\u00e9f\u00e9rences de son ordinateur et le cas \u00e9ch\u00e9ant, consulter la fonction \u00ab Aide \u00bb de son navigateur internet. Pour plus d\u2019information l\u2019utilisateur peut consulter les pages d\u00e9di\u00e9es des navigateurs les plus courants :<br>\uf0a7 Internet Explorer : http:\/\/windows.microsoft.com\/fr-FR\/windows-vista\/Block-or-allow-<br>cookies<br>\uf0a7 Google Chrome:<br>http:\/\/support.google.com\/chrome\/bin\/answer.py?hl=fr&amp;hlrm=en&amp;answer=95647<br>\uf0a7 Safari: https:\/\/support.apple.com\/kb\/PH19214?locale=fr_FR&amp;viewlocale=fr_FR<br>\uf0a7 Firefox: http:\/\/support.mozilla.org\/fr\/kb\/Activer%20et%20d\u00e9sactiver%20les%20cookies<br>\uf0a7 Op\u00e9ra : http:\/\/help.opera.com\/Windows\/10.20\/fr\/cookies.html.<br>L\u2019utilisateur peut \u00e9galement param\u00e9trer son navigateur afin que celui-ci envoie un code indiquant aux<br>sites Internet qu\u2019il ne souhaite pas \u00eatre suivi (option \u00ab Do No Track \u00bb) :<br>\uf0a7 Internet Explorer\u2122 : http:\/\/windows.microsoft.com\/fr-fr\/internet-explorer\/use-tracking-<br>protection#ie=ie-11<br>\uf0a7 Safari\u2122: http:\/\/support.apple.com\/kb\/PH11952<br>\uf0a7 Chrome\u2122: https:\/\/support.google.com\/chrome\/answer\/114836<br>\uf0a7 Firefox\u2122: https:\/\/support.mozilla.org\/fr\/kb\/comment-activer-option-ne-pas-pister<br>\uf0a7 Op\u00e9ra\u2122 : http:\/\/help.opera.com\/Windows\/12.10\/fr\/notrack.html<br>Nous l\u2019informons toutefois que la d\u00e9sactivation ou la suppression des cookies pourrait affecter<br>l\u2019utilisation du site ou des autres sites Internet.<\/p>\t\t\t\t\t\t\t\t<\/div>\n\t\t\t\t<\/div>\n\t\t\t\t\t<\/div>\n\t\t<\/div>\n\t\t\t\t\t<\/div>\n\t\t<\/section>\n\t\t\t\t<\/div>\n\t\t","protected":false},"excerpt":{"rendered":"<p>Conditions g\u00e9n\u00e9rales d&rsquo;utilisation Le pr\u00e9sent site internet, accessible \u00e0 l\u2019adresse URL www.centre-danse.fr, est la propri\u00e9t\u00e9 de l\u2019association CENTRE DANSE dont le si\u00e8ge social est situ\u00e9 Centre Pierre Cardinal \u2013 9&hellip; <br \/> <a class=\"read-more\" href=\"http:\/\/centre-danse.fr\/?page_id=2253\">Lire la suite<\/a><\/p>\n","protected":false},"author":1,"featured_media":0,"parent":0,"menu_order":0,"comment_status":"closed","ping_status":"closed","template":"","meta":{"footnotes":""},"class_list":["post-2253","page","type-page","status-publish","hentry"],"_links":{"self":[{"href":"http:\/\/centre-danse.fr\/index.php?rest_route=\/wp\/v2\/pages\/2253","targetHints":{"allow":["GET"]}}],"collection":[{"href":"http:\/\/centre-danse.fr\/index.php?rest_route=\/wp\/v2\/pages"}],"about":[{"href":"http:\/\/centre-danse.fr\/index.php?rest_route=\/wp\/v2\/types\/page"}],"author":[{"embeddable":true,"href":"http:\/\/centre-danse.fr\/index.php?rest_route=\/wp\/v2\/users\/1"}],"replies":[{"embeddable":true,"href":"http:\/\/centre-danse.fr\/index.php?rest_route=%2Fwp%2Fv2%2Fcomments&post=2253"}],"version-history":[{"count":17,"href":"http:\/\/centre-danse.fr\/index.php?rest_route=\/wp\/v2\/pages\/2253\/revisions"}],"predecessor-version":[{"id":4169,"href":"http:\/\/centre-danse.fr\/index.php?rest_route=\/wp\/v2\/pages\/2253\/revisions\/4169"}],"wp:attachment":[{"href":"http:\/\/centre-danse.fr\/index.php?rest_route=%2Fwp%2Fv2%2Fmedia&parent=2253"}],"curies":[{"name":"wp","href":"https:\/\/api.w.org\/{rel}","templated":true}]}}